{"id":10,"date":"2026-03-24T15:13:15","date_gmt":"2026-03-24T14:13:15","guid":{"rendered":"https:\/\/mabiala.com\/?page_id=10"},"modified":"2026-03-26T23:47:46","modified_gmt":"2026-03-26T22:47:46","slug":"accueil","status":"publish","type":"page","link":"https:\/\/mabiala.com\/en\/","title":{"rendered":"Home"},"content":{"rendered":"<div data-elementor-type=\"wp-page\" data-elementor-id=\"10\" class=\"elementor elementor-10\">\n\t\t\t\t\t\t<section class=\"elementor-section elementor-top-section elementor-element elementor-element-54c8e568 elementor-section-full_width elementor-section-height-default elementor-section-height-default\" data-id=\"54c8e568\" data-element_type=\"section\" data-e-type=\"section\">\n\t\t\t\t\t\t<div class=\"elementor-container elementor-column-gap-no\">\n\t\t\t\t\t<div class=\"elementor-column elementor-col-50 elementor-top-column elementor-element elementor-element-397adee4\" data-id=\"397adee4\" data-element_type=\"column\" data-e-type=\"column\">\n\t\t\t<div class=\"elementor-widget-wrap elementor-element-populated\">\n\t\t\t\t\t\t<div class=\"elementor-element elementor-element-289f55eb elementor-widget elementor-widget-html\" data-id=\"289f55eb\" data-element_type=\"widget\" data-e-type=\"widget\" data-widget_type=\"html.default\">\n\t\t\t\t\t<div class=\"section-label\">Our ambition<\/div>\t\t\t\t<\/div>\n\t\t\t\t<div class=\"elementor-element elementor-element-329694a9 elementor-widget elementor-widget-heading\" data-id=\"329694a9\" data-element_type=\"widget\" data-e-type=\"widget\" data-widget_type=\"heading.default\">\n\t\t\t\t\t<h1 class=\"elementor-heading-title elementor-size-default\">Transforming organizations, <em>unleashing<\/em> leur plein potentiel.<\/h1>\t\t\t\t<\/div>\n\t\t\t\t<div class=\"elementor-element elementor-element-592eb108 elementor-widget elementor-widget-text-editor\" data-id=\"592eb108\" data-element_type=\"widget\" data-e-type=\"widget\" data-widget_type=\"text-editor.default\">\n\t\t\t\t\t\t\t\t\t<p>Nous accompagnons les dirigeants et institutions dans leurs projets de transformation, de la strat\u00e9gie jusqu\u2019\u00e0 l\u2019ex\u00e9cution concr\u00e8te.<\/p>\t\t\t\t\t\t\t\t<\/div>\n\t\t\t\t<div class=\"elementor-element elementor-element-179aef81 elementor-widget elementor-widget-button\" data-id=\"179aef81\" data-element_type=\"widget\" data-e-type=\"widget\" data-widget_type=\"button.default\">\n\t\t\t\t\t\t\t\t\t\t<a class=\"elementor-button elementor-button-link elementor-size-sm\" href=\"\/contact\">\n\t\t\t\t\t\t<span class=\"elementor-button-content-wrapper\">\n\t\t\t\t\t\t\t\t\t<span class=\"elementor-button-text\">Talk to an expert<\/span>\n\t\t\t\t\t<\/span>\n\t\t\t\t\t<\/a>\n\t\t\t\t\t\t\t\t<\/div>\n\t\t\t\t\t<\/div>\n\t\t<\/div>\n\t\t\t\t<div class=\"elementor-column elementor-col-50 elementor-top-column elementor-element elementor-element-25694a8\" data-id=\"25694a8\" data-element_type=\"column\" data-e-type=\"column\" data-settings=\"{&quot;background_background&quot;:&quot;classic&quot;}\">\n\t\t\t<div class=\"elementor-widget-wrap elementor-element-populated\">\n\t\t\t\t\t\t<div class=\"elementor-element elementor-element-6e903383 elementor-widget elementor-widget-html\" data-id=\"6e903383\" data-element_type=\"widget\" data-e-type=\"widget\" data-widget_type=\"html.default\">\n\t\t\t\t\t<div class=\"hero__stats\"><div class=\"stat\"><span class=\"stat__num\">10+<\/span><span class=\"stat__label\">ann\u00e9es d\u2019exp\u00e9rience en transformation<\/span><\/div><div class=\"stat\"><span class=\"stat__num\">1\u00a0300+<\/span><span class=\"stat__label\">employees supervised<\/span><\/div><div class=\"stat\"><span class=\"stat__num\">100+<\/span><span class=\"stat__label\">managers supported<\/span><\/div><div class=\"stat\"><span class=\"stat__num\">3<\/span><span class=\"stat__label\">bureaux: Paris \u00b7 Douala \u00b7 Brazzaville<\/span><\/div><\/div>\t\t\t\t<\/div>\n\t\t\t\t\t<\/div>\n\t\t<\/div>\n\t\t\t\t\t<\/div>\n\t\t<\/section>\n\t\t\t\t<section class=\"elementor-section elementor-top-section elementor-element elementor-element-7684e4fa elementor-section-boxed elementor-section-height-default elementor-section-height-default\" data-id=\"7684e4fa\" data-element_type=\"section\" data-e-type=\"section\">\n\t\t\t\t\t\t<div class=\"elementor-container elementor-column-gap-default\">\n\t\t\t\t\t<div class=\"elementor-column elementor-col-100 elementor-top-column elementor-element elementor-element-2eed28b1\" data-id=\"2eed28b1\" data-element_type=\"column\" data-e-type=\"column\">\n\t\t\t<div class=\"elementor-widget-wrap elementor-element-populated\">\n\t\t\t\t\t\t<div class=\"elementor-element elementor-element-6dc934d3 elementor-widget elementor-widget-html\" data-id=\"6dc934d3\" data-element_type=\"widget\" data-e-type=\"widget\" data-widget_type=\"html.default\">\n\t\t\t\t\t<div class=\"section-label\">What we do<\/div>\t\t\t\t<\/div>\n\t\t\t\t<div class=\"elementor-element elementor-element-368e13b3 elementor-widget elementor-widget-heading\" data-id=\"368e13b3\" data-element_type=\"widget\" data-e-type=\"widget\" data-widget_type=\"heading.default\">\n\t\t\t\t\t<h2 class=\"elementor-heading-title elementor-size-default\">Nos domaines d\u2019expertise<\/h2>\t\t\t\t<\/div>\n\t\t\t\t<div class=\"elementor-element elementor-element-5b9b4478 elementor-widget elementor-widget-html\" data-id=\"5b9b4478\" data-element_type=\"widget\" data-e-type=\"widget\" data-widget_type=\"html.default\">\n\t\t\t\t\t<div class=\"expertise-grid\"><div class=\"expertise-card\"><div class=\"expertise-card__num\">01<\/div><div class=\"expertise-card__icon\"><svg width=\"18\" height=\"18\" viewbox=\"0 0 18 18\" fill=\"none\"><rect x=\"2\" y=\"2\" width=\"6\" height=\"6\" rx=\"1\" fill=\"#c8a96e\"\/><rect x=\"10\" y=\"2\" width=\"6\" height=\"6\" rx=\"1\" fill=\"rgba(200,169,110,0.4)\"\/><rect x=\"2\" y=\"10\" width=\"6\" height=\"6\" rx=\"1\" fill=\"rgba(200,169,110,0.4)\"\/><rect x=\"10\" y=\"10\" width=\"6\" height=\"6\" rx=\"1\" fill=\"rgba(200,169,110,0.4)\"\/><\/svg><\/div><h3>Organizational transformation<\/h3><p>Restructuration, conduite du changement et am\u00e9lioration de la performance dans des environnements complexes.<\/p><a href=\"\/transformation-organisationnelle\" class=\"expertise-card__link\">Learn more \u2192<\/a><\/div><div class=\"expertise-card\"><div class=\"expertise-card__num\">02<\/div><div class=\"expertise-card__icon\"><svg width=\"18\" height=\"18\" viewbox=\"0 0 18 18\" fill=\"none\"><circle cx=\"9\" cy=\"5\" r=\"3\" fill=\"#c8a96e\"\/><path d=\"M3 16c0-3.31 2.69-6 6-6s6 2.69 6 6\" stroke=\"#c8a96e\" stroke-width=\"1.5\" fill=\"none\"\/><\/svg><\/div><h3>Leadership &amp; Management<\/h3><p>D\u00e9veloppement des comp\u00e9tences manag\u00e9riales et renforcement des pratiques de leadership \u00e0 tous les niveaux.<\/p><a href=\"\/leadership-management\" class=\"expertise-card__link\">Learn more \u2192<\/a><\/div><div class=\"expertise-card\"><div class=\"expertise-card__num\">03<\/div><div class=\"expertise-card__icon\"><svg width=\"18\" height=\"18\" viewbox=\"0 0 18 18\" fill=\"none\"><path d=\"M2 14l4-4 3 3 4-5 3 3\" stroke=\"#c8a96e\" stroke-width=\"1.5\" fill=\"none\" stroke-linecap=\"round\"\/><\/svg><\/div><h3>Operational excellence<\/h3><p>Optimisation des processus et d\u00e9ploiement de m\u00e9thodes d\u2019am\u00e9lioration continue pour des r\u00e9sultats mesurables.<\/p><a href=\"\/excellence-operationnelle\" class=\"expertise-card__link\">Learn more \u2192<\/a><\/div><\/div>\t\t\t\t<\/div>\n\t\t\t\t\t<\/div>\n\t\t<\/div>\n\t\t\t\t\t<\/div>\n\t\t<\/section>\n\t\t\t\t<section class=\"elementor-section elementor-top-section elementor-element elementor-element-240126f elementor-section-boxed elementor-section-height-default elementor-section-height-default\" data-id=\"240126f\" data-element_type=\"section\" data-e-type=\"section\">\n\t\t\t\t\t\t<div class=\"elementor-container elementor-column-gap-default\">\n\t\t\t\t\t<div class=\"elementor-column elementor-col-50 elementor-top-column elementor-element elementor-element-1e7d2e09\" data-id=\"1e7d2e09\" data-element_type=\"column\" data-e-type=\"column\">\n\t\t\t<div class=\"elementor-widget-wrap elementor-element-populated\">\n\t\t\t\t\t\t<div class=\"elementor-element elementor-element-3f44b067 elementor-widget elementor-widget-html\" data-id=\"3f44b067\" data-element_type=\"widget\" data-e-type=\"widget\" data-widget_type=\"html.default\">\n\t\t\t\t\t<div class=\"section-label\">Our approach<\/div>\t\t\t\t<\/div>\n\t\t\t\t<div class=\"elementor-element elementor-element-3c150bbc elementor-widget elementor-widget-heading\" data-id=\"3c150bbc\" data-element_type=\"widget\" data-e-type=\"widget\" data-widget_type=\"heading.default\">\n\t\t\t\t\t<h2 class=\"elementor-heading-title elementor-size-default\">Pourquoi Mabiala &amp; Partners<\/h2>\t\t\t\t<\/div>\n\t\t\t\t<div class=\"elementor-element elementor-element-54ddfb55 elementor-widget elementor-widget-html\" data-id=\"54ddfb55\" data-element_type=\"widget\" data-e-type=\"widget\" data-widget_type=\"html.default\">\n\t\t\t\t\t<ul class=\"diff-list\"><li><div class=\"diff-list__check\"><svg width=\"10\" height=\"8\" viewbox=\"0 0 10 8\"><path d=\"M1 4l3 3 5-6\" stroke=\"#c8a96e\" stroke-width=\"1.5\" fill=\"none\" stroke-linecap=\"round\"\/><\/svg><\/div>Accompagnement de bout en bout, de la strat\u00e9gie \u00e0 l\u2019ex\u00e9cution<\/li><li><div class=\"diff-list__check\"><svg width=\"10\" height=\"8\" viewbox=\"0 0 10 8\"><path d=\"M1 4l3 3 5-6\" stroke=\"#c8a96e\" stroke-width=\"1.5\" fill=\"none\" stroke-linecap=\"round\"\/><\/svg><\/div>Experience in both public and private sectors, in Europe and Africa<\/li><li><div class=\"diff-list__check\"><svg width=\"10\" height=\"8\" viewbox=\"0 0 10 8\"><path d=\"M1 4l3 3 5-6\" stroke=\"#c8a96e\" stroke-width=\"1.5\" fill=\"none\" stroke-linecap=\"round\"\/><\/svg><\/div>An operational approach built on concrete, measurable results<\/li><li><div class=\"diff-list__check\"><svg width=\"10\" height=\"8\" viewbox=\"0 0 10 8\"><path d=\"M1 4l3 3 5-6\" stroke=\"#c8a96e\" stroke-width=\"1.5\" fill=\"none\" stroke-linecap=\"round\"\/><\/svg><\/div>Interventions in large-scale, high-complexity organizations<\/li><\/ul>\t\t\t\t<\/div>\n\t\t\t\t\t<\/div>\n\t\t<\/div>\n\t\t\t\t<div class=\"elementor-column elementor-col-50 elementor-top-column elementor-element elementor-element-478334d3\" data-id=\"478334d3\" data-element_type=\"column\" data-e-type=\"column\">\n\t\t\t<div class=\"elementor-widget-wrap elementor-element-populated\">\n\t\t\t\t\t\t<div class=\"elementor-element elementor-element-29acfb4e elementor-widget elementor-widget-html\" data-id=\"29acfb4e\" data-element_type=\"widget\" data-e-type=\"widget\" data-widget_type=\"html.default\">\n\t\t\t\t\t<div class=\"diff-cards\"><div class=\"diff-card\"><h4>Operational approach<\/h4><p>Nous ne nous limitons pas \u00e0 la strat\u00e9gie. Nous accompagnons jusqu\u2019\u00e0 l\u2019ex\u00e9cution pour garantir des r\u00e9sultats concrets et durables.<\/p><\/div><div class=\"diff-card\"><h4>Large-scale experience<\/h4><p>Interventions in complex environments with large teams, in France and sub-Saharan Africa.<\/p><\/div><div class=\"diff-card\"><h4>Lasting impact<\/h4><p>We build organizations and leaders capable of performing over time, without dependency on the firm.<\/p><\/div><\/div>\t\t\t\t<\/div>\n\t\t\t\t\t<\/div>\n\t\t<\/div>\n\t\t\t\t\t<\/div>\n\t\t<\/section>\n\t\t\t\t<section class=\"elementor-section elementor-top-section elementor-element elementor-element-49e23b89 elementor-section-boxed elementor-section-height-default elementor-section-height-default\" data-id=\"49e23b89\" data-element_type=\"section\" data-e-type=\"section\">\n\t\t\t\t\t\t<div class=\"elementor-container elementor-column-gap-default\">\n\t\t\t\t\t<div class=\"elementor-column elementor-col-100 elementor-top-column elementor-element elementor-element-470675e4\" data-id=\"470675e4\" data-element_type=\"column\" data-e-type=\"column\">\n\t\t\t<div class=\"elementor-widget-wrap elementor-element-populated\">\n\t\t\t\t\t\t<div class=\"elementor-element elementor-element-e0acbfd elementor-widget elementor-widget-heading\" data-id=\"e0acbfd\" data-element_type=\"widget\" data-e-type=\"widget\" data-widget_type=\"heading.default\">\n\t\t\t\t\t<h2 class=\"elementor-heading-title elementor-size-default\">Pr\u00eat \u00e0 transformer votre organisation\u00a0?<\/h2>\t\t\t\t<\/div>\n\t\t\t\t<div class=\"elementor-element elementor-element-75092f20 elementor-widget elementor-widget-text-editor\" data-id=\"75092f20\" data-element_type=\"widget\" data-e-type=\"widget\" data-widget_type=\"text-editor.default\">\n\t\t\t\t\t\t\t\t\t<p style=\"text-align:center;\">Let us discuss your challenges. A first 30-minute conversation, no commitment required.\nBook a discovery call<\/p>\t\t\t\t\t\t\t\t<\/div>\n\t\t\t\t<div class=\"elementor-element elementor-element-4d1c0ff6 elementor-align-center elementor-widget elementor-widget-button\" data-id=\"4d1c0ff6\" data-element_type=\"widget\" data-e-type=\"widget\" data-widget_type=\"button.default\">\n\t\t\t\t\t\t\t\t\t\t<a class=\"elementor-button elementor-button-link elementor-size-sm\" href=\"\/contact\">\n\t\t\t\t\t\t<span class=\"elementor-button-content-wrapper\">\n\t\t\t\t\t\t\t\t\t<span class=\"elementor-button-text\">Book a discovery call<\/span>\n\t\t\t\t\t<\/span>\n\t\t\t\t\t<\/a>\n\t\t\t\t\t\t\t\t<\/div>\n\t\t\t\t\t<\/div>\n\t\t<\/div>\n\t\t\t\t\t<\/div>\n\t\t<\/section>\n\t\t\t\t<\/div>","protected":false},"excerpt":{"rendered":"<p>Notre ambition Transformer les organisations, lib\u00e9rer leur plein potentiel. Nous accompagnons les dirigeants et institutions dans leurs projets de transformation, de la strat\u00e9gie jusqu\u2019\u00e0 l\u2019ex\u00e9cution\u2026<\/p>","protected":false},"author":1,"featured_media":0,"parent":0,"menu_order":0,"comment_status":"closed","ping_status":"closed","template":"","meta":{"footnotes":""},"class_list":["post-10","page","type-page","status-publish","hentry"],"_links":{"self":[{"href":"https:\/\/mabiala.com\/en\/wp-json\/wp\/v2\/pages\/10","targetHints":{"allow":["GET"]}}],"collection":[{"href":"https:\/\/mabiala.com\/en\/wp-json\/wp\/v2\/pages"}],"about":[{"href":"https:\/\/mabiala.com\/en\/wp-json\/wp\/v2\/types\/page"}],"author":[{"embeddable":true,"href":"https:\/\/mabiala.com\/en\/wp-json\/wp\/v2\/users\/1"}],"replies":[{"embeddable":true,"href":"https:\/\/mabiala.com\/en\/wp-json\/wp\/v2\/comments?post=10"}],"version-history":[{"count":28,"href":"https:\/\/mabiala.com\/en\/wp-json\/wp\/v2\/pages\/10\/revisions"}],"predecessor-version":[{"id":99,"href":"https:\/\/mabiala.com\/en\/wp-json\/wp\/v2\/pages\/10\/revisions\/99"}],"wp:attachment":[{"href":"https:\/\/mabiala.com\/en\/wp-json\/wp\/v2\/media?parent=10"}],"curies":[{"name":"wp","href":"https:\/\/api.w.org\/{rel}","templated":true}]}}